{"id":3446,"date":"2024-01-26T15:24:05","date_gmt":"2024-01-26T18:24:05","guid":{"rendered":"https:\/\/cl.uri.br\/wordpress\/?page_id=3446"},"modified":"2024-01-26T15:38:36","modified_gmt":"2024-01-26T18:38:36","slug":"tecnico-em-enfermagem-documentos","status":"publish","type":"page","link":"https:\/\/cl.uri.br\/wordpress\/?page_id=3446","title":{"rendered":"T\u00e9cnico em Enfermagem: Documentos"},"content":{"rendered":"\t\t<div data-elementor-type=\"wp-page\" data-elementor-id=\"3446\" class=\"elementor elementor-3446\" data-elementor-post-type=\"page\">\n\t\t\t\t<div class=\"elementor-element elementor-element-dcea9ad e-flex e-con-boxed e-con e-parent\" data-id=\"dcea9ad\" data-element_type=\"container\">\n\t\t\t\t\t<div class=\"e-con-inner\">\n\t\t<div class=\"elementor-element elementor-element-8e13d59 e-flex e-con-boxed e-con e-child\" data-id=\"8e13d59\" data-element_type=\"container\">\n\t\t\t\t\t<div class=\"e-con-inner\">\n\t\t\t\t<div class=\"elementor-element elementor-element-b163274 elementor-grid-1 elementor-posts--thumbnail-none elementor-posts--align-left elementor-widget__width-initial seta elementor-grid-tablet-2 elementor-grid-mobile-1 elementor-widget elementor-widget-posts\" data-id=\"b163274\" data-element_type=\"widget\" data-settings=\"{&quot;classic_columns&quot;:&quot;1&quot;,&quot;classic_row_gap&quot;:{&quot;unit&quot;:&quot;px&quot;,&quot;size&quot;:0,&quot;sizes&quot;:[]},&quot;pagination_type&quot;:&quot;numbers_and_prev_next&quot;,&quot;classic_columns_tablet&quot;:&quot;2&quot;,&quot;classic_columns_mobile&quot;:&quot;1&quot;,&quot;classic_row_gap_tablet&quot;:{&quot;unit&quot;:&quot;px&quot;,&quot;size&quot;:&quot;&quot;,&quot;sizes&quot;:[]},&quot;classic_row_gap_mobile&quot;:{&quot;unit&quot;:&quot;px&quot;,&quot;size&quot;:&quot;&quot;,&quot;sizes&quot;:[]}}\" i=\"\" data-widget_type=\"posts.classic\">\n\t\t\t\t<div class=\"elementor-widget-container\">\n\t\t\t\t\t\t\t<div class=\"elementor-posts-container elementor-posts elementor-posts--skin-classic elementor-grid\" role=\"list\">\n\t\t\t\t<article class=\"elementor-post elementor-grid-item post-3454 post type-post status-publish format-standard hentry category-tecnicoenfermagem\" role=\"listitem\">\n\t\t\t\t<div class=\"elementor-post__text\">\n\t\t\t\t<span class=\"elementor-post__title\">\n\t\t\t<a href=\"https:\/\/cl.uri.br\/wordpress\/?p=3454\" target=&quot;_blank&quot;>\n\t\t\t\tPr\u00e9 selecionados Edital 003-2022\t\t\t<\/a>\n\t\t<\/span>\n\t\t\n\t\t<a class=\"elementor-post__read-more\" href=\"https:\/\/cl.uri.br\/wordpress\/?p=3454\" aria-label=\"Leia mais sobre Pr\u00e9 selecionados Edital 003-2022\" tabindex=\"-1\" target=\"_blank\">\n\t\t\t             -           Clique Aqui \u00bb\t\t<\/a>\n\n\t\t\t\t<\/div>\n\t\t\t\t<\/article>\n\t\t\t\t<article class=\"elementor-post elementor-grid-item post-3452 post type-post status-publish format-standard hentry category-tecnicoenfermagem\" role=\"listitem\">\n\t\t\t\t<div class=\"elementor-post__text\">\n\t\t\t\t<span class=\"elementor-post__title\">\n\t\t\t<a href=\"https:\/\/cl.uri.br\/wordpress\/?p=3452\" target=&quot;_blank&quot;>\n\t\t\t\tContrato de Presta\u00e7\u00e3o de Servi\u00e7os Educacionais Escolas\t\t\t<\/a>\n\t\t<\/span>\n\t\t\n\t\t<a class=\"elementor-post__read-more\" href=\"https:\/\/cl.uri.br\/wordpress\/?p=3452\" aria-label=\"Leia mais sobre Contrato de Presta\u00e7\u00e3o de Servi\u00e7os Educacionais Escolas\" tabindex=\"-1\" target=\"_blank\">\n\t\t\t             -           Clique Aqui \u00bb\t\t<\/a>\n\n\t\t\t\t<\/div>\n\t\t\t\t<\/article>\n\t\t\t\t<article class=\"elementor-post elementor-grid-item post-3259 post type-post status-publish format-standard hentry category-bolsa_escola category-tecnicoenfermagem\" role=\"listitem\">\n\t\t\t\t<div class=\"elementor-post__text\">\n\t\t\t\t<span class=\"elementor-post__title\">\n\t\t\t<a href=\"https:\/\/cl.uri.br\/wordpress\/?p=3259\" target=&quot;_blank&quot;>\n\t\t\t\tFormul\u00e1rio de Inscri\u00e7\u00e3o e Documenta\u00e7\u00e3o\t\t\t<\/a>\n\t\t<\/span>\n\t\t\n\t\t<a class=\"elementor-post__read-more\" href=\"https:\/\/cl.uri.br\/wordpress\/?p=3259\" aria-label=\"Leia mais sobre Formul\u00e1rio de Inscri\u00e7\u00e3o e Documenta\u00e7\u00e3o\" tabindex=\"-1\" target=\"_blank\">\n\t\t\t             -           Clique Aqui \u00bb\t\t<\/a>\n\n\t\t\t\t<\/div>\n\t\t\t\t<\/article>\n\t\t\t\t<article class=\"elementor-post elementor-grid-item post-3257 post type-post status-publish format-standard hentry category-bolsa_escola category-tecnicoenfermagem\" role=\"listitem\">\n\t\t\t\t<div class=\"elementor-post__text\">\n\t\t\t\t<span class=\"elementor-post__title\">\n\t\t\t<a href=\"https:\/\/cl.uri.br\/wordpress\/?p=3257\" target=&quot;_blank&quot;>\n\t\t\t\tResolu\u00e7\u00e3o &#8211; Programa Bolsa Escola\t\t\t<\/a>\n\t\t<\/span>\n\t\t\n\t\t<a class=\"elementor-post__read-more\" href=\"https:\/\/cl.uri.br\/wordpress\/?p=3257\" aria-label=\"Leia mais sobre Resolu\u00e7\u00e3o &#8211; Programa Bolsa Escola\" tabindex=\"-1\" target=\"_blank\">\n\t\t\t             -           Clique Aqui \u00bb\t\t<\/a>\n\n\t\t\t\t<\/div>\n\t\t\t\t<\/article>\n\t\t\t\t<article class=\"elementor-post elementor-grid-item post-3093 post type-post status-publish format-standard hentry category-beneficios category-documentos_administracao category-documentos-ciencias-contabeis category-documentos-direito category-documentos-engenharia-de-producao category-tecnicoenfermagem\" role=\"listitem\">\n\t\t\t\t<div class=\"elementor-post__text\">\n\t\t\t\t<span class=\"elementor-post__title\">\n\t\t\t<a href=\"https:\/\/cl.uri.br\/wordpress\/?p=3093\" target=&quot;_blank&quot;>\n\t\t\t\tRequerimento Geral de Aluno\t\t\t<\/a>\n\t\t<\/span>\n\t\t\n\t\t<a class=\"elementor-post__read-more\" href=\"https:\/\/cl.uri.br\/wordpress\/?p=3093\" aria-label=\"Leia mais sobre Requerimento Geral de Aluno\" tabindex=\"-1\" target=\"_blank\">\n\t\t\t             -           Clique Aqui \u00bb\t\t<\/a>\n\n\t\t\t\t<\/div>\n\t\t\t\t<\/article>\n\t\t\t\t<\/div>\n\t\t\n\t\t\t\t\t\t<\/div>\n\t\t\t\t<\/div>\n\t\t\t\t\t<\/div>\n\t\t\t\t<\/div>\n\t\t\t\t\t<\/div>\n\t\t\t\t<\/div>\n\t\t\t\t<\/div>\n\t\t","protected":false},"excerpt":{"rendered":"","protected":false},"author":1,"featured_media":0,"parent":0,"menu_order":0,"comment_status":"closed","ping_status":"closed","template":"","meta":{"footnotes":""},"class_list":["post-3446","page","type-page","status-publish","hentry"],"_links":{"self":[{"href":"https:\/\/cl.uri.br\/wordpress\/index.php?rest_route=\/wp\/v2\/pages\/3446","targetHints":{"allow":["GET"]}}],"collection":[{"href":"https:\/\/cl.uri.br\/wordpress\/index.php?rest_route=\/wp\/v2\/pages"}],"about":[{"href":"https:\/\/cl.uri.br\/wordpress\/index.php?rest_route=\/wp\/v2\/types\/page"}],"author":[{"embeddable":true,"href":"https:\/\/cl.uri.br\/wordpress\/index.php?rest_route=\/wp\/v2\/users\/1"}],"replies":[{"embeddable":true,"href":"https:\/\/cl.uri.br\/wordpress\/index.php?rest_route=%2Fwp%2Fv2%2Fcomments&post=3446"}],"version-history":[{"count":4,"href":"https:\/\/cl.uri.br\/wordpress\/index.php?rest_route=\/wp\/v2\/pages\/3446\/revisions"}],"predecessor-version":[{"id":3459,"href":"https:\/\/cl.uri.br\/wordpress\/index.php?rest_route=\/wp\/v2\/pages\/3446\/revisions\/3459"}],"wp:attachment":[{"href":"https:\/\/cl.uri.br\/wordpress\/index.php?rest_route=%2Fwp%2Fv2%2Fmedia&parent=3446"}],"curies":[{"name":"wp","href":"https:\/\/api.w.org\/{rel}","templated":true}]}}