{"id":3147,"date":"2024-01-25T17:06:26","date_gmt":"2024-01-25T20:06:26","guid":{"rendered":"https:\/\/cl.uri.br\/wordpress\/?page_id=3147"},"modified":"2024-01-25T17:16:36","modified_gmt":"2024-01-25T20:16:36","slug":"pebe","status":"publish","type":"page","link":"https:\/\/cl.uri.br\/wordpress\/?page_id=3147","title":{"rendered":"PEBE (Gradua\u00e7\u00e3o)"},"content":{"rendered":"\t\t<div data-elementor-type=\"wp-page\" data-elementor-id=\"3147\" class=\"elementor elementor-3147\" data-elementor-post-type=\"page\">\n\t\t\t\t<div class=\"elementor-element elementor-element-b73a328 e-flex e-con-boxed e-con e-parent\" data-id=\"b73a328\" data-element_type=\"container\">\n\t\t\t\t\t<div class=\"e-con-inner\">\n\t\t<div class=\"elementor-element elementor-element-3ab3136 e-flex e-con-boxed e-con e-child\" data-id=\"3ab3136\" data-element_type=\"container\" data-settings=\"{&quot;background_background&quot;:&quot;classic&quot;}\">\n\t\t\t\t\t<div class=\"e-con-inner\">\n\t\t\t\t<div class=\"elementor-element elementor-element-c2d7e90 elementor-widget elementor-widget-heading\" data-id=\"c2d7e90\" data-element_type=\"widget\" data-widget_type=\"heading.default\">\n\t\t\t\t<div class=\"elementor-widget-container\">\n\t\t\t\t\t<h2 class=\"elementor-heading-title elementor-size-default\"><i class=\"fas fa-angle-double-right\" aria-hidden=\"true\"><\/i>     PEBE (gradua\u00e7\u00e3o) \u00e9 um programa da URI<\/h2>\t\t\t\t<\/div>\n\t\t\t\t<\/div>\n\t\t\t\t\t<\/div>\n\t\t\t\t<\/div>\n\t\t\t\t<div class=\"elementor-element elementor-element-a0aa76c elementor-widget__width-initial elementor-widget elementor-widget-text-editor\" data-id=\"a0aa76c\" data-element_type=\"widget\" data-widget_type=\"text-editor.default\">\n\t\t\t\t<div class=\"elementor-widget-container\">\n\t\t\t\t\t\t\t\t\t<p>O Curso de Administra\u00e7\u00e3o foi estruturado para atender \u00e0s expectativas organizacionais, regionais e locais, no que diz respeito \u00e0 forma\u00e7\u00e3o de um Administrador competente, atualizado, cr\u00edtico e inovador, voltado ao atendimento das necessidades de uma sociedade em constante muta\u00e7\u00e3o. O processo de ensino aprendizagem baseia-se em conte\u00fados atualizados, articulados com a hist\u00f3ria e a realidade, fazendo com que o ensinamento te\u00f3rico seja uma parte do processo de ensino e que a pr\u00e1tica, atrav\u00e9s de est\u00e1gios, leve o aluno a empreender.&nbsp;<span style=\"color: var( --e-global-color-text ); font-family: var( --e-global-typography-text-font-family ), Sans-serif; font-weight: var( --e-global-typography-text-font-weight ); font-size: 1rem;\">Este processo de ensino-aprendizagem tem por objetivo despertar e motivar o aluno a ser um agente transformador, renunciando o imediatismo e incentivando a vis\u00e3o estrat\u00e9gica e empreendedora, de longo prazo.&nbsp;<\/span><\/p><p>Os Administradores trabalham em organiza\u00e7\u00f5es p\u00fablicas e privadas, em diferentes \u00e1reas funcionais, de grandes e pequenos neg\u00f3cios, compreendendo diversos setores, tais como: industriais, agroindustriais, comerciais, financeiros, de servi\u00e7os, hospitalares, escolares, governamentais. O profissional de administra\u00e7\u00e3o tem responsabilidade pelo planejamento, organiza\u00e7\u00e3o, dire\u00e7\u00e3o e controle de empresas, procurando alocar, racionalmente, os recursos dispon\u00edveis, para atingir os objetivos e resultados pr\u00e9-estabelecidos na gest\u00e3o empresarial. Para desenvolver uma Administra\u00e7\u00e3o eficiente e eficaz, o profissional deve ter esp\u00edrito empreendedor, capacidade de comunica\u00e7\u00e3o, criatividade, lideran\u00e7a, dom\u00ednio das ferramentas de inform\u00e1tica e idiomas, bem como saber trabalhar em equipes multidisciplinares.<\/p><p>O mercado de trabalho do Administrador \u00e9 extremamente amplo. No setor prim\u00e1rio, poder\u00e1 atuar na Administra\u00e7\u00e3o de propriedades rurais. No setor secund\u00e1rio, na administra\u00e7\u00e3o de empresas industriais e, no setor terci\u00e1rio, poder\u00e1 atuar na administra\u00e7\u00e3o de servi\u00e7os, em empresas comerciais em geral, hot\u00e9is, turismo, im\u00f3veis, condom\u00ednios, cooperativas, factoring, cons\u00f3rcios, escolas, universidades, hospitais e bancos. Algumas das \u00e1reas acima necessitam de habilita\u00e7\u00e3o espec\u00edfica, pela complexidade da atividade. Assim, os cursos de Administra\u00e7\u00e3o contemplam o que \u00e9 b\u00e1sico para o Administrador: o desenvolvimento de habilidades t\u00e9cnicas, que s\u00e3o espec\u00edficas da \u00e1rea de atua\u00e7\u00e3o, as habilidades interpessoais e de comunica\u00e7\u00e3o, como tamb\u00e9m as habilidades conceituais e de decis\u00e3o.<\/p>\t\t\t\t\t\t\t\t<\/div>\n\t\t\t\t<\/div>\n\t\t\t\t\t<\/div>\n\t\t\t\t<\/div>\n\t\t<div class=\"elementor-element elementor-element-658b54d e-flex e-con-boxed e-con e-parent\" data-id=\"658b54d\" data-element_type=\"container\">\n\t\t\t\t\t<div class=\"e-con-inner\">\n\t\t<div class=\"elementor-element elementor-element-0bfb3e5 e-flex e-con-boxed e-con e-child\" data-id=\"0bfb3e5\" data-element_type=\"container\" data-settings=\"{&quot;background_background&quot;:&quot;classic&quot;}\">\n\t\t\t\t\t<div class=\"e-con-inner\">\n\t\t\t\t<div class=\"elementor-element elementor-element-006c220 elementor-widget elementor-widget-heading\" data-id=\"006c220\" data-element_type=\"widget\" data-widget_type=\"heading.default\">\n\t\t\t\t<div class=\"elementor-widget-container\">\n\t\t\t\t\t<h2 class=\"elementor-heading-title elementor-size-default\"><i class=\"fas fa-angle-double-right\" aria-hidden=\"true\"><\/i>     Como acessar o PEBE(gradua\u00e7\u00e3o)?<\/h2>\t\t\t\t<\/div>\n\t\t\t\t<\/div>\n\t\t\t\t\t<\/div>\n\t\t\t\t<\/div>\n\t\t\t\t<div class=\"elementor-element elementor-element-2a4ec41 elementor-widget elementor-widget-text-editor\" data-id=\"2a4ec41\" data-element_type=\"widget\" data-widget_type=\"text-editor.default\">\n\t\t\t\t<div class=\"elementor-widget-container\">\n\t\t\t\t\t\t\t\t\t<p>Estando aberto o Edital, o aluno dever\u00e1 fazer sua inscri\u00e7\u00e3o obedecendo os requisitos constantes no mesmo.<\/p>\t\t\t\t\t\t\t\t<\/div>\n\t\t\t\t<\/div>\n\t\t\t\t\t<\/div>\n\t\t\t\t<\/div>\n\t\t<div class=\"elementor-element elementor-element-565682c e-flex e-con-boxed e-con e-parent\" data-id=\"565682c\" data-element_type=\"container\">\n\t\t\t\t\t<div class=\"e-con-inner\">\n\t\t<div class=\"elementor-element elementor-element-7e532c9 e-flex e-con-boxed e-con e-child\" data-id=\"7e532c9\" data-element_type=\"container\" data-settings=\"{&quot;background_background&quot;:&quot;classic&quot;}\">\n\t\t\t\t\t<div class=\"e-con-inner\">\n\t\t\t\t<div class=\"elementor-element elementor-element-0702468 elementor-widget elementor-widget-heading\" data-id=\"0702468\" data-element_type=\"widget\" data-widget_type=\"heading.default\">\n\t\t\t\t<div class=\"elementor-widget-container\">\n\t\t\t\t\t<h2 class=\"elementor-heading-title elementor-size-default\"><i class=\"fas fa-angle-double-right\" aria-hidden=\"true\"><\/i>     Editais e Arquivos \u00dateis<\/h2>\t\t\t\t<\/div>\n\t\t\t\t<\/div>\n\t\t\t\t\t<\/div>\n\t\t\t\t<\/div>\n\t\t\t\t<div class=\"elementor-element elementor-element-8461e08 elementor-grid-1 elementor-posts--thumbnail-none elementor-posts--align-left elementor-widget__width-initial seta elementor-grid-tablet-2 elementor-grid-mobile-1 elementor-widget elementor-widget-posts\" data-id=\"8461e08\" data-element_type=\"widget\" data-settings=\"{&quot;classic_columns&quot;:&quot;1&quot;,&quot;classic_row_gap&quot;:{&quot;unit&quot;:&quot;px&quot;,&quot;size&quot;:0,&quot;sizes&quot;:[]},&quot;pagination_type&quot;:&quot;numbers_and_prev_next&quot;,&quot;classic_columns_tablet&quot;:&quot;2&quot;,&quot;classic_columns_mobile&quot;:&quot;1&quot;,&quot;classic_row_gap_tablet&quot;:{&quot;unit&quot;:&quot;px&quot;,&quot;size&quot;:&quot;&quot;,&quot;sizes&quot;:[]},&quot;classic_row_gap_mobile&quot;:{&quot;unit&quot;:&quot;px&quot;,&quot;size&quot;:&quot;&quot;,&quot;sizes&quot;:[]}}\" i=\"\" data-widget_type=\"posts.classic\">\n\t\t\t\t<div class=\"elementor-widget-container\">\n\t\t\t\t\t\t\t<div class=\"elementor-posts-container elementor-posts elementor-posts--skin-classic elementor-grid\" role=\"list\">\n\t\t\t\t<article class=\"elementor-post elementor-grid-item post-3141 post type-post status-publish format-standard hentry category-beneficios category-bolsa_escola category-crediuri category-fies category-pebe-graduacao category-prouni\" role=\"listitem\">\n\t\t\t\t<div class=\"elementor-post__text\">\n\t\t\t\t<span class=\"elementor-post__title\">\n\t\t\t<a href=\"https:\/\/cl.uri.br\/wordpress\/?p=3141\" target=&quot;_blank&quot;>\n\t\t\t\tRESOLU\u00c7\u00c3O N\u00ba 2534\/CUN\/2018\t\t\t<\/a>\n\t\t<\/span>\n\t\t\n\t\t<a class=\"elementor-post__read-more\" href=\"https:\/\/cl.uri.br\/wordpress\/?p=3141\" aria-label=\"Leia mais sobre RESOLU\u00c7\u00c3O N\u00ba 2534\/CUN\/2018\" tabindex=\"-1\" target=\"_blank\">\n\t\t\t             -           Clique Aqui \u00bb\t\t<\/a>\n\n\t\t\t\t<\/div>\n\t\t\t\t<\/article>\n\t\t\t\t<\/div>\n\t\t\n\t\t\t\t\t\t<\/div>\n\t\t\t\t<\/div>\n\t\t\t\t\t<\/div>\n\t\t\t\t<\/div>\n\t\t\t\t<\/div>\n\t\t","protected":false},"excerpt":{"rendered":"<p>PEBE (gradua\u00e7\u00e3o) \u00e9 um programa da URI O Curso de Administra\u00e7\u00e3o foi estruturado para atender \u00e0s expectativas organizacionais, regionais e locais, no que diz respeito<\/p>\n","protected":false},"author":1,"featured_media":0,"parent":0,"menu_order":0,"comment_status":"closed","ping_status":"closed","template":"","meta":{"footnotes":""},"class_list":["post-3147","page","type-page","status-publish","hentry"],"_links":{"self":[{"href":"https:\/\/cl.uri.br\/wordpress\/index.php?rest_route=\/wp\/v2\/pages\/3147","targetHints":{"allow":["GET"]}}],"collection":[{"href":"https:\/\/cl.uri.br\/wordpress\/index.php?rest_route=\/wp\/v2\/pages"}],"about":[{"href":"https:\/\/cl.uri.br\/wordpress\/index.php?rest_route=\/wp\/v2\/types\/page"}],"author":[{"embeddable":true,"href":"https:\/\/cl.uri.br\/wordpress\/index.php?rest_route=\/wp\/v2\/users\/1"}],"replies":[{"embeddable":true,"href":"https:\/\/cl.uri.br\/wordpress\/index.php?rest_route=%2Fwp%2Fv2%2Fcomments&post=3147"}],"version-history":[{"count":8,"href":"https:\/\/cl.uri.br\/wordpress\/index.php?rest_route=\/wp\/v2\/pages\/3147\/revisions"}],"predecessor-version":[{"id":3155,"href":"https:\/\/cl.uri.br\/wordpress\/index.php?rest_route=\/wp\/v2\/pages\/3147\/revisions\/3155"}],"wp:attachment":[{"href":"https:\/\/cl.uri.br\/wordpress\/index.php?rest_route=%2Fwp%2Fv2%2Fmedia&parent=3147"}],"curies":[{"name":"wp","href":"https:\/\/api.w.org\/{rel}","templated":true}]}}