{"id":3123,"date":"2024-01-25T16:28:31","date_gmt":"2024-01-25T19:28:31","guid":{"rendered":"https:\/\/cl.uri.br\/wordpress\/?page_id=3123"},"modified":"2024-01-25T21:01:36","modified_gmt":"2024-01-26T00:01:36","slug":"prouni","status":"publish","type":"page","link":"https:\/\/cl.uri.br\/wordpress\/?page_id=3123","title":{"rendered":"Prouni"},"content":{"rendered":"\t\t<div data-elementor-type=\"wp-page\" data-elementor-id=\"3123\" class=\"elementor elementor-3123\" data-elementor-post-type=\"page\">\n\t\t\t\t<div class=\"elementor-element elementor-element-2b31a34 e-flex e-con-boxed e-con e-parent\" data-id=\"2b31a34\" data-element_type=\"container\">\n\t\t\t\t\t<div class=\"e-con-inner\">\n\t\t<div class=\"elementor-element elementor-element-fed207c e-flex e-con-boxed e-con e-child\" data-id=\"fed207c\" data-element_type=\"container\" data-settings=\"{&quot;background_background&quot;:&quot;classic&quot;}\">\n\t\t\t\t\t<div class=\"e-con-inner\">\n\t\t\t\t<div class=\"elementor-element elementor-element-280469f elementor-widget elementor-widget-heading\" data-id=\"280469f\" data-element_type=\"widget\" data-widget_type=\"heading.default\">\n\t\t\t\t<div class=\"elementor-widget-container\">\n\t\t\t\t\t<h2 class=\"elementor-heading-title elementor-size-default\"><i class=\"fas fa-angle-double-right\" aria-hidden=\"true\"><\/i>   O Prouni \u00e9 um programa do Governo Federal<\/h2>\t\t\t\t<\/div>\n\t\t\t\t<\/div>\n\t\t\t\t\t<\/div>\n\t\t\t\t<\/div>\n\t\t<div class=\"elementor-element elementor-element-63606d7 e-flex e-con-boxed e-con e-child\" data-id=\"63606d7\" data-element_type=\"container\">\n\t\t\t\t\t<div class=\"e-con-inner\">\n\t\t\t\t<div class=\"elementor-element elementor-element-5ff2c39 elementor-widget__width-initial elementor-widget elementor-widget-text-editor\" data-id=\"5ff2c39\" data-element_type=\"widget\" data-widget_type=\"text-editor.default\">\n\t\t\t\t<div class=\"elementor-widget-container\">\n\t\t\t\t\t\t\t\t\t<p>O Programa Universidade para Todos &#8211; Prouni tem como finalidade a concess\u00e3o de bolsas de estudo integrais e parciais em cursos de gradua\u00e7\u00e3o e sequenciais de forma\u00e7\u00e3o espec\u00edfica, em institui\u00e7\u00f5es de ensino superior privadas. Criado pelo Governo Federal em 2004 e institucionalizado pela Lei n\u00ba 11.096, em 13 de janeiro de 2005 oferece, em contrapartida, isen\u00e7\u00e3o de tributos \u00e0quelas institui\u00e7\u00f5es que aderem ao Programa.<br \/><br \/>Dirigido aos estudantes egressos do ensino m\u00e9dio da rede p\u00fablica ou da rede particular na condi\u00e7\u00e3o de bolsistas integrais, com renda familiar per capita m\u00e1xima de tr\u00eas sal\u00e1rios m\u00ednimos, o Prouni conta com um sistema de sele\u00e7\u00e3o informatizado e impessoal, que confere transpar\u00eancia e seguran\u00e7a ao processo. Os candidatos s\u00e3o selecionados pelas notas obtidas no Exame Nacional do Ensino M\u00e9dio &#8211; Enem conjugando-se, desse modo, inclus\u00e3o \u00e0 qualidade e m\u00e9rito dos estudantes com melhores desempenhos acad\u00eamicos.<br \/><br \/>O Programa possui tamb\u00e9m a\u00e7\u00f5es conjuntas de incentivo \u00e0 perman\u00eancia dos estudantes nas institui\u00e7\u00f5es, como a Bolsa Perman\u00eancia, os conv\u00eanios de est\u00e1gio MEC\/CAIXA e MEC\/FEBRABAN e ainda o Fundo de Financiamento Estudantil &#8211; Fies, que possibilita ao bolsista parcial financiar at\u00e9 100% da mensalidade n\u00e3o coberta pela bolsa do programa.<\/p>\t\t\t\t\t\t\t\t<\/div>\n\t\t\t\t<\/div>\n\t\t\t\t\t<\/div>\n\t\t\t\t<\/div>\n\t\t\t\t\t<\/div>\n\t\t\t\t<\/div>\n\t\t<div class=\"elementor-element elementor-element-8ce6cb6 e-flex e-con-boxed e-con e-parent\" data-id=\"8ce6cb6\" data-element_type=\"container\">\n\t\t\t\t\t<div class=\"e-con-inner\">\n\t\t<div class=\"elementor-element elementor-element-fd0239b e-flex e-con-boxed e-con e-child\" data-id=\"fd0239b\" data-element_type=\"container\" data-settings=\"{&quot;background_background&quot;:&quot;classic&quot;}\">\n\t\t\t\t\t<div class=\"e-con-inner\">\n\t\t\t\t<div class=\"elementor-element elementor-element-e59e66c elementor-widget elementor-widget-heading\" data-id=\"e59e66c\" data-element_type=\"widget\" data-widget_type=\"heading.default\">\n\t\t\t\t<div class=\"elementor-widget-container\">\n\t\t\t\t\t<h2 class=\"elementor-heading-title elementor-size-default\"><i class=\"fas fa-angle-double-right\" aria-hidden=\"true\"><\/i>   Como acessar o Prouni<\/h2>\t\t\t\t<\/div>\n\t\t\t\t<\/div>\n\t\t\t\t\t<\/div>\n\t\t\t\t<\/div>\n\t\t\t\t<div class=\"elementor-element elementor-element-5924062 elementor-widget elementor-widget-text-editor\" data-id=\"5924062\" data-element_type=\"widget\" data-widget_type=\"text-editor.default\">\n\t\t\t\t<div class=\"elementor-widget-container\">\n\t\t\t\t\t\t\t\t\t<p>O processo seletivo do Prouni \u00e9 composto por duas fases: processo regular e processo de ocupa\u00e7\u00e3o das bolsas remanescentes.<br \/><br \/>No processo regular pode se inscrever o candidato que tenha participado da edi\u00e7\u00e3o do Exame Nacional do Ensino M\u00e9dio (Enem) do ano imediatamente anterior e que tenha obtido, no m\u00ednimo, 450 pontos na m\u00e9dia das notas das provas do Exame e nota acima de zero na reda\u00e7\u00e3o.<br \/><br \/>No processo para ocupa\u00e7\u00e3o das bolsas remanescentes pode se inscrever o candidato que:<br \/>&#8211; tenha efetuado inscri\u00e7\u00e3o, em todas as suas op\u00e7\u00f5es, em cursos com registro de n\u00e3o forma\u00e7\u00e3o de turma no processo seletivo do Prouni referente ao primeiro semestre;<br \/>&#8211; seja professor da rede p\u00fablica de ensino, no efetivo exerc\u00edcio do magist\u00e9rio da educa\u00e7\u00e3o b\u00e1sica e integrando o quadro de pessoal permanente da institui\u00e7\u00e3o p\u00fablica, para os cursos com grau de licenciatura destinados \u00e0 forma\u00e7\u00e3o do magist\u00e9rio da educa\u00e7\u00e3o b\u00e1sica; ou<br \/>&#8211; tenha participado do Enem, a partir da edi\u00e7\u00e3o de 2010, e que tenha obtido, em uma mesma edi\u00e7\u00e3o do referido exame, m\u00e9dia das notas nas provas igual ou superior a 450 pontos e nota superior a zero na reda\u00e7\u00e3o.<br \/><br \/>Em ambos os processos as inscri\u00e7\u00f5es s\u00e3o gratuitas e efetuadas exclusivamente pela internet, por meio da p\u00e1gina do Prouni.<br \/><br \/>\u00c9 realizado um processo seletivos do Prouni por ano no primeiro semestre.<\/p>\t\t\t\t\t\t\t\t<\/div>\n\t\t\t\t<\/div>\n\t\t\t\t\t<\/div>\n\t\t\t\t<\/div>\n\t\t<div class=\"elementor-element elementor-element-7bfb7e1 e-flex e-con-boxed e-con e-parent\" data-id=\"7bfb7e1\" data-element_type=\"container\">\n\t\t\t\t\t<div class=\"e-con-inner\">\n\t\t\t\t<div class=\"elementor-element elementor-element-4416318 elementor-position-inline-start elementor-widget__width-initial elementor-view-default elementor-mobile-position-block-start elementor-widget elementor-widget-icon-box\" data-id=\"4416318\" data-element_type=\"widget\" data-settings=\"{&quot;_animation&quot;:&quot;none&quot;}\" data-widget_type=\"icon-box.default\">\n\t\t\t\t<div class=\"elementor-widget-container\">\n\t\t\t\t\t\t\t<div class=\"elementor-icon-box-wrapper\">\n\n\t\t\t\t\t\t<div class=\"elementor-icon-box-icon\">\n\t\t\t\t<a href=\"https:\/\/acessounico.mec.gov.br\/\" class=\"elementor-icon\" tabindex=\"-1\" aria-label=\"Site do PROUNI - MEC\">\n\t\t\t\t<svg aria-hidden=\"true\" class=\"e-font-icon-svg e-fas-globe\" viewBox=\"0 0 496 512\" xmlns=\"http:\/\/www.w3.org\/2000\/svg\"><path d=\"M336.5 160C322 70.7 287.8 8 248 8s-74 62.7-88.5 152h177zM152 256c0 22.2 1.2 43.5 3.3 64h185.3c2.1-20.5 3.3-41.8 3.3-64s-1.2-43.5-3.3-64H155.3c-2.1 20.5-3.3 41.8-3.3 64zm324.7-96c-28.6-67.9-86.5-120.4-158-141.6 24.4 33.8 41.2 84.7 50 141.6h108zM177.2 18.4C105.8 39.6 47.8 92.1 19.3 160h108c8.7-56.9 25.5-107.8 49.9-141.6zM487.4 192H372.7c2.1 21 3.3 42.5 3.3 64s-1.2 43-3.3 64h114.6c5.5-20.5 8.6-41.8 8.6-64s-3.1-43.5-8.5-64zM120 256c0-21.5 1.2-43 3.3-64H8.6C3.2 212.5 0 233.8 0 256s3.2 43.5 8.6 64h114.6c-2-21-3.2-42.5-3.2-64zm39.5 96c14.5 89.3 48.7 152 88.5 152s74-62.7 88.5-152h-177zm159.3 141.6c71.4-21.2 129.4-73.7 158-141.6h-108c-8.8 56.9-25.6 107.8-50 141.6zM19.3 352c28.6 67.9 86.5 120.4 158 141.6-24.4-33.8-41.2-84.7-50-141.6h-108z\"><\/path><\/svg>\t\t\t\t<\/a>\n\t\t\t<\/div>\n\t\t\t\n\t\t\t\t\t\t<div class=\"elementor-icon-box-content\">\n\n\t\t\t\t\t\t\t\t\t<h3 class=\"elementor-icon-box-title\">\n\t\t\t\t\t\t<a href=\"https:\/\/acessounico.mec.gov.br\/\" >\n\t\t\t\t\t\t\tSite do PROUNI - MEC\t\t\t\t\t\t<\/a>\n\t\t\t\t\t<\/h3>\n\t\t\t\t\n\t\t\t\t\n\t\t\t<\/div>\n\t\t\t\n\t\t<\/div>\n\t\t\t\t\t\t<\/div>\n\t\t\t\t<\/div>\n\t\t\t\t\t<\/div>\n\t\t\t\t<\/div>\n\t\t<div class=\"elementor-element elementor-element-dc98c5d e-flex e-con-boxed e-con e-parent\" data-id=\"dc98c5d\" data-element_type=\"container\">\n\t\t\t\t\t<div class=\"e-con-inner\">\n\t\t<div class=\"elementor-element elementor-element-b20f25a e-flex e-con-boxed e-con e-child\" data-id=\"b20f25a\" data-element_type=\"container\">\n\t\t\t\t\t<div class=\"e-con-inner\">\n\t\t<div class=\"elementor-element elementor-element-1d693c8 e-flex e-con-boxed e-con e-child\" data-id=\"1d693c8\" data-element_type=\"container\" data-settings=\"{&quot;background_background&quot;:&quot;classic&quot;}\">\n\t\t\t\t\t<div class=\"e-con-inner\">\n\t\t\t\t<div class=\"elementor-element elementor-element-79f1ba5 elementor-widget elementor-widget-heading\" data-id=\"79f1ba5\" data-element_type=\"widget\" data-widget_type=\"heading.default\">\n\t\t\t\t<div class=\"elementor-widget-container\">\n\t\t\t\t\t<h2 class=\"elementor-heading-title elementor-size-default\"><i class=\"fas fa-angle-double-right\" aria-hidden=\"true\"><\/i>   Editais e Arquivos \u00fateis (download)<\/h2>\t\t\t\t<\/div>\n\t\t\t\t<\/div>\n\t\t\t\t\t<\/div>\n\t\t\t\t<\/div>\n\t\t\t\t<div class=\"elementor-element elementor-element-22226e5 elementor-grid-1 elementor-posts--thumbnail-none elementor-posts--align-left elementor-widget__width-initial seta elementor-grid-tablet-2 elementor-grid-mobile-1 elementor-widget elementor-widget-posts\" data-id=\"22226e5\" data-element_type=\"widget\" data-settings=\"{&quot;classic_columns&quot;:&quot;1&quot;,&quot;classic_row_gap&quot;:{&quot;unit&quot;:&quot;px&quot;,&quot;size&quot;:0,&quot;sizes&quot;:[]},&quot;pagination_type&quot;:&quot;numbers_and_prev_next&quot;,&quot;classic_columns_tablet&quot;:&quot;2&quot;,&quot;classic_columns_mobile&quot;:&quot;1&quot;,&quot;classic_row_gap_tablet&quot;:{&quot;unit&quot;:&quot;px&quot;,&quot;size&quot;:&quot;&quot;,&quot;sizes&quot;:[]},&quot;classic_row_gap_mobile&quot;:{&quot;unit&quot;:&quot;px&quot;,&quot;size&quot;:&quot;&quot;,&quot;sizes&quot;:[]}}\" i=\"\" data-widget_type=\"posts.classic\">\n\t\t\t\t<div class=\"elementor-widget-container\">\n\t\t\t\t\t\t\t<div class=\"elementor-posts-container elementor-posts elementor-posts--skin-classic elementor-grid\" role=\"list\">\n\t\t\t\t<article class=\"elementor-post elementor-grid-item post-3141 post type-post status-publish format-standard hentry category-beneficios category-bolsa_escola category-crediuri category-fies category-pebe-graduacao category-prouni\" role=\"listitem\">\n\t\t\t\t<div class=\"elementor-post__text\">\n\t\t\t\t<span class=\"elementor-post__title\">\n\t\t\t<a href=\"https:\/\/cl.uri.br\/wordpress\/?p=3141\" target=&quot;_blank&quot;>\n\t\t\t\tRESOLU\u00c7\u00c3O N\u00ba 2534\/CUN\/2018\t\t\t<\/a>\n\t\t<\/span>\n\t\t\n\t\t<a class=\"elementor-post__read-more\" href=\"https:\/\/cl.uri.br\/wordpress\/?p=3141\" aria-label=\"Leia mais sobre RESOLU\u00c7\u00c3O N\u00ba 2534\/CUN\/2018\" tabindex=\"-1\" target=\"_blank\">\n\t\t\t             -           Clique Aqui \u00bb\t\t<\/a>\n\n\t\t\t\t<\/div>\n\t\t\t\t<\/article>\n\t\t\t\t<article class=\"elementor-post elementor-grid-item post-3136 post type-post status-publish format-standard hentry category-prouni\" role=\"listitem\">\n\t\t\t\t<div class=\"elementor-post__text\">\n\t\t\t\t<span class=\"elementor-post__title\">\n\t\t\t<a href=\"https:\/\/cl.uri.br\/wordpress\/?p=3136\" target=&quot;_blank&quot;>\n\t\t\t\tPortaria Normativa MEC n\u00ba 11, de 2015\t\t\t<\/a>\n\t\t<\/span>\n\t\t\n\t\t<a class=\"elementor-post__read-more\" href=\"https:\/\/cl.uri.br\/wordpress\/?p=3136\" aria-label=\"Leia mais sobre Portaria Normativa MEC n\u00ba 11, de 2015\" tabindex=\"-1\" target=\"_blank\">\n\t\t\t             -           Clique Aqui \u00bb\t\t<\/a>\n\n\t\t\t\t<\/div>\n\t\t\t\t<\/article>\n\t\t\t\t<article class=\"elementor-post elementor-grid-item post-3133 post type-post status-publish format-standard hentry category-prouni\" role=\"listitem\">\n\t\t\t\t<div class=\"elementor-post__text\">\n\t\t\t\t<span class=\"elementor-post__title\">\n\t\t\t<a href=\"https:\/\/cl.uri.br\/wordpress\/?p=3133\" target=&quot;_blank&quot;>\n\t\t\t\tDocumenta\u00e7\u00e3o Necess\u00e1ria para Comprova\u00e7\u00e3o de Informa\u00e7\u00f5es\t\t\t<\/a>\n\t\t<\/span>\n\t\t\n\t\t<a class=\"elementor-post__read-more\" href=\"https:\/\/cl.uri.br\/wordpress\/?p=3133\" aria-label=\"Leia mais sobre Documenta\u00e7\u00e3o Necess\u00e1ria para Comprova\u00e7\u00e3o de Informa\u00e7\u00f5es\" tabindex=\"-1\" target=\"_blank\">\n\t\t\t             -           Clique Aqui \u00bb\t\t<\/a>\n\n\t\t\t\t<\/div>\n\t\t\t\t<\/article>\n\t\t\t\t<article class=\"elementor-post elementor-grid-item post-3129 post type-post status-publish format-standard hentry category-prouni\" role=\"listitem\">\n\t\t\t\t<div class=\"elementor-post__text\">\n\t\t\t\t<span class=\"elementor-post__title\">\n\t\t\t<a href=\"https:\/\/cl.uri.br\/wordpress\/?p=3129\" target=&quot;_blank&quot;>\n\t\t\t\tPortaria Normativa N\u00ba 01, de 02 de janeiro de 2015\t\t\t<\/a>\n\t\t<\/span>\n\t\t\n\t\t<a class=\"elementor-post__read-more\" href=\"https:\/\/cl.uri.br\/wordpress\/?p=3129\" aria-label=\"Leia mais sobre Portaria Normativa N\u00ba 01, de 02 de janeiro de 2015\" tabindex=\"-1\" target=\"_blank\">\n\t\t\t             -           Clique Aqui \u00bb\t\t<\/a>\n\n\t\t\t\t<\/div>\n\t\t\t\t<\/article>\n\t\t\t\t<\/div>\n\t\t\n\t\t\t\t\t\t<\/div>\n\t\t\t\t<\/div>\n\t\t\t\t\t<\/div>\n\t\t\t\t<\/div>\n\t\t\t\t\t<\/div>\n\t\t\t\t<\/div>\n\t\t\t\t<\/div>\n\t\t","protected":false},"excerpt":{"rendered":"<p>O Prouni \u00e9 um programa do Governo Federal O Programa Universidade para Todos &#8211; Prouni tem como finalidade a concess\u00e3o de bolsas de estudo integrais<\/p>\n","protected":false},"author":1,"featured_media":0,"parent":0,"menu_order":0,"comment_status":"closed","ping_status":"closed","template":"","meta":{"footnotes":""},"class_list":["post-3123","page","type-page","status-publish","hentry"],"_links":{"self":[{"href":"https:\/\/cl.uri.br\/wordpress\/index.php?rest_route=\/wp\/v2\/pages\/3123","targetHints":{"allow":["GET"]}}],"collection":[{"href":"https:\/\/cl.uri.br\/wordpress\/index.php?rest_route=\/wp\/v2\/pages"}],"about":[{"href":"https:\/\/cl.uri.br\/wordpress\/index.php?rest_route=\/wp\/v2\/types\/page"}],"author":[{"embeddable":true,"href":"https:\/\/cl.uri.br\/wordpress\/index.php?rest_route=\/wp\/v2\/users\/1"}],"replies":[{"embeddable":true,"href":"https:\/\/cl.uri.br\/wordpress\/index.php?rest_route=%2Fwp%2Fv2%2Fcomments&post=3123"}],"version-history":[{"count":10,"href":"https:\/\/cl.uri.br\/wordpress\/index.php?rest_route=\/wp\/v2\/pages\/3123\/revisions"}],"predecessor-version":[{"id":3238,"href":"https:\/\/cl.uri.br\/wordpress\/index.php?rest_route=\/wp\/v2\/pages\/3123\/revisions\/3238"}],"wp:attachment":[{"href":"https:\/\/cl.uri.br\/wordpress\/index.php?rest_route=%2Fwp%2Fv2%2Fmedia&parent=3123"}],"curies":[{"name":"wp","href":"https:\/\/api.w.org\/{rel}","templated":true}]}}